{"id":153,"date":"2026-04-21T01:29:54","date_gmt":"2026-04-21T01:29:54","guid":{"rendered":"https:\/\/help.pinealage.com\/?page_id=153"},"modified":"2026-04-21T01:29:54","modified_gmt":"2026-04-21T01:29:54","slug":"estandares-de-seguridad-infantil-pinealage","status":"publish","type":"page","link":"https:\/\/help.pinealage.com\/es\/estandares-de-seguridad-infantil-pinealage\/","title":{"rendered":"Est\u00e1ndares de Seguridad Infantil \u2013 Pinealage"},"content":{"rendered":"<p class=\"text-styles-preset-reset\" dir=\"auto\" data-styles-preset=\"reset\" data-pm-slice=\"0 0 []\">Pinealage est\u00e1 comprometida con la protecci\u00f3n de menores y la prevenci\u00f3n de todas las formas de explotaci\u00f3n infantil. Aplicamos una pol\u00edtica de tolerancia cero frente al abuso y la explotaci\u00f3n sexual infantil (CSAE) y la distribuci\u00f3n de material de abuso sexual infantil (CSAM).<\/p>\n<p class=\"text-styles-preset-reset\" dir=\"auto\" data-styles-preset=\"reset\">Cualquier contenido, comportamiento o actividad que implique o promueva la explotaci\u00f3n de menores est\u00e1 estrictamente prohibido y resultar\u00e1 en la eliminaci\u00f3n inmediata de la cuenta y la notificaci\u00f3n a las autoridades correspondientes.<\/p>\n<p class=\"text-styles-preset-reset\" dir=\"auto\" data-styles-preset=\"reset\">Los usuarios pueden reportar comportamientos o contenido sospechoso directamente a trav\u00e9s de las funciones de reporte dentro de la aplicaci\u00f3n o contactando a nuestro equipo en:<br \/>\n<a data-framer-link=\"Link:{&quot;url&quot;:&quot;&quot;,&quot;type&quot;:&quot;url&quot;}\"><strong>contact@pinealage.com<\/strong><\/a><\/p>\n<p class=\"text-styles-preset-reset\" dir=\"auto\" data-styles-preset=\"reset\">Cuando detectamos contenido relacionado con abuso infantil, lo eliminamos de inmediato, preservamos la evidencia de forma segura y lo reportamos a las autoridades competentes conforme a la legislaci\u00f3n aplicable.<\/p>\n<p class=\"text-styles-preset-reset\" dir=\"auto\" data-styles-preset=\"reset\">Pinealage cumple con todas las leyes vigentes en materia de protecci\u00f3n infantil y privacidad de datos, y toma medidas proactivas para prevenir, detectar y actuar frente a cualquier conducta inapropiada.<\/p>\n<p class=\"text-styles-preset-reset\" dir=\"auto\" data-styles-preset=\"reset\">Nuestro objetivo es garantizar una comunidad segura, consciente y respetuosa para todos los usuarios.<\/p>\n<p><!--framer-match-formatting--><\/p>\n","protected":false},"excerpt":{"rendered":"<p>Pinealage est\u00e1 comprometida con la protecci\u00f3n de menores y la prevenci\u00f3n de todas las formas de explotaci\u00f3n infantil. Aplicamos una [&hellip;]<\/p>\n","protected":false},"author":1,"featured_media":0,"parent":0,"menu_order":0,"comment_status":"closed","ping_status":"closed","template":"","meta":{"site-sidebar-layout":"default","site-content-layout":"","ast-site-content-layout":"default","site-content-style":"default","site-sidebar-style":"default","ast-global-header-display":"","ast-banner-title-visibility":"","ast-main-header-display":"","ast-hfb-above-header-display":"","ast-hfb-below-header-display":"","ast-hfb-mobile-header-display":"","site-post-title":"","ast-breadcrumbs-content":"","ast-featured-img":"","footer-sml-layout":"","ast-disable-related-posts":"","theme-transparent-header-meta":"default","adv-header-id-meta":"","stick-header-meta":"","header-above-stick-meta":"","header-main-stick-meta":"","header-below-stick-meta":"","astra-migrate-meta-layouts":"set","ast-page-background-enabled":"default","ast-page-background-meta":{"desktop":{"background-color":"var(--ast-global-color-5)","background-image":"","background-repeat":"repeat","background-position":"center center","background-size":"auto","background-attachment":"scroll","background-type":"","background-media":"","overlay-type":"","overlay-color":"","overlay-opacity":"","overlay-gradient":""},"tablet":{"background-color":"","background-image":"","background-repeat":"repeat","background-position":"center center","background-size":"auto","background-attachment":"scroll","background-type":"","background-media":"","overlay-type":"","overlay-color":"","overlay-opacity":"","overlay-gradient":""},"mobile":{"background-color":"","background-image":"","background-repeat":"repeat","background-position":"center center","background-size":"auto","background-attachment":"scroll","background-type":"","background-media":"","overlay-type":"","overlay-color":"","overlay-opacity":"","overlay-gradient":""}},"ast-content-background-meta":{"desktop":{"background-color":"var(--ast-global-color-4)","background-image":"","background-repeat":"repeat","background-position":"center center","background-size":"auto","background-attachment":"scroll","background-type":"","background-media":"","overlay-type":"","overlay-color":"","overlay-opacity":"","overlay-gradient":""},"tablet":{"background-color":"var(--ast-global-color-4)","background-image":"","background-repeat":"repeat","background-position":"center center","background-size":"auto","background-attachment":"scroll","background-type":"","background-media":"","overlay-type":"","overlay-color":"","overlay-opacity":"","overlay-gradient":""},"mobile":{"background-color":"var(--ast-global-color-4)","background-image":"","background-repeat":"repeat","background-position":"center center","background-size":"auto","background-attachment":"scroll","background-type":"","background-media":"","overlay-type":"","overlay-color":"","overlay-opacity":"","overlay-gradient":""}},"footnotes":""},"class_list":["post-153","page","type-page","status-publish","hentry"],"_hostinger_reach_plugin_has_subscription_block":false,"_hostinger_reach_plugin_is_elementor":false,"_links":{"self":[{"href":"https:\/\/help.pinealage.com\/es\/wp-json\/wp\/v2\/pages\/153","targetHints":{"allow":["GET"]}}],"collection":[{"href":"https:\/\/help.pinealage.com\/es\/wp-json\/wp\/v2\/pages"}],"about":[{"href":"https:\/\/help.pinealage.com\/es\/wp-json\/wp\/v2\/types\/page"}],"author":[{"embeddable":true,"href":"https:\/\/help.pinealage.com\/es\/wp-json\/wp\/v2\/users\/1"}],"replies":[{"embeddable":true,"href":"https:\/\/help.pinealage.com\/es\/wp-json\/wp\/v2\/comments?post=153"}],"version-history":[{"count":1,"href":"https:\/\/help.pinealage.com\/es\/wp-json\/wp\/v2\/pages\/153\/revisions"}],"predecessor-version":[{"id":154,"href":"https:\/\/help.pinealage.com\/es\/wp-json\/wp\/v2\/pages\/153\/revisions\/154"}],"wp:attachment":[{"href":"https:\/\/help.pinealage.com\/es\/wp-json\/wp\/v2\/media?parent=153"}],"curies":[{"name":"wp","href":"https:\/\/api.w.org\/{rel}","templated":true}]}}